{"id":365,"date":"2018-02-13T05:51:51","date_gmt":"2018-02-13T10:51:51","guid":{"rendered":"https:\/\/complexelaprovidence.ca\/bateaux\/one-product-shop\/"},"modified":"2024-11-26T05:08:54","modified_gmt":"2024-11-26T10:08:54","slug":"complexe-la-providence","status":"publish","type":"page","link":"https:\/\/complexelaprovidence.ca\/en\/","title":{"rendered":"Salle de reception"},"content":{"rendered":"","protected":false},"excerpt":{"rendered":"","protected":false},"author":3,"featured_media":0,"parent":0,"menu_order":0,"comment_status":"closed","ping_status":"closed","template":"","meta":{"footnotes":""},"class_list":["post-365","page","type-page","status-publish","hentry"],"yoast_head":"<!-- This site is optimized with the Yoast SEO plugin v27.5 - https:\/\/yoast.com\/product\/yoast-seo-wordpress\/ -->\n<title>Salle de reception - La Providence<\/title>\n<meta name=\"description\" content=\"Le Complexe La Providence est un espace \u00e9v\u00e9nementiel hors-pair, \u00e0 vocation multiple, pouvant accueillir vos convives pour des rencontres autant formelles qu\u2019informelles. Nous vous promettons une exp\u00e9rience sans pareil et sans le moindre tracas.\" \/>\n<meta name=\"robots\" content=\"index, follow, max-snippet:-1, max-image-preview:large, max-video-preview:-1\" \/>\n<link rel=\"canonical\" href=\"https:\/\/complexelaprovidence.ca\/en\/\" \/>\n<meta property=\"og:locale\" content=\"en_US\" \/>\n<meta property=\"og:type\" content=\"article\" \/>\n<meta property=\"og:title\" content=\"Salle de reception - La Providence\" \/>\n<meta property=\"og:description\" content=\"Le Complexe La Providence est un espace \u00e9v\u00e9nementiel hors-pair, \u00e0 vocation multiple, pouvant accueillir vos convives pour des rencontres autant formelles qu\u2019informelles. Nous vous promettons une exp\u00e9rience sans pareil et sans le moindre tracas.\" \/>\n<meta property=\"og:url\" content=\"https:\/\/complexelaprovidence.ca\/en\/\" \/>\n<meta property=\"og:site_name\" content=\"La Providence\" \/>\n<meta property=\"article:publisher\" content=\"https:\/\/www.facebook.com\/laprovidencecomplexe\" \/>\n<meta property=\"article:modified_time\" content=\"2024-11-26T10:08:54+00:00\" \/>\n<meta name=\"twitter:card\" content=\"summary_large_image\" \/>\n<meta name=\"twitter:label1\" content=\"Est. reading time\" \/>\n\t<meta name=\"twitter:data1\" content=\"4 minutes\" \/>\n<script type=\"application\/ld+json\" class=\"yoast-schema-graph\">{\"@context\":\"https:\\\/\\\/schema.org\",\"@graph\":[{\"@type\":\"WebPage\",\"@id\":\"https:\\\/\\\/complexelaprovidence.ca\\\/\",\"url\":\"https:\\\/\\\/complexelaprovidence.ca\\\/\",\"name\":\"Salle de reception - La Providence\",\"isPartOf\":{\"@id\":\"https:\\\/\\\/complexelaprovidence.ca\\\/#website\"},\"datePublished\":\"2018-02-13T10:51:51+00:00\",\"dateModified\":\"2024-11-26T10:08:54+00:00\",\"description\":\"Le Complexe La Providence est un espace \u00e9v\u00e9nementiel hors-pair, \u00e0 vocation multiple, pouvant accueillir vos convives pour des rencontres autant formelles qu\u2019informelles. Nous vous promettons une exp\u00e9rience sans pareil et sans le moindre tracas.\",\"breadcrumb\":{\"@id\":\"https:\\\/\\\/complexelaprovidence.ca\\\/#breadcrumb\"},\"inLanguage\":\"en-US\",\"potentialAction\":[{\"@type\":\"ReadAction\",\"target\":[\"https:\\\/\\\/complexelaprovidence.ca\\\/\"]}]},{\"@type\":\"BreadcrumbList\",\"@id\":\"https:\\\/\\\/complexelaprovidence.ca\\\/#breadcrumb\",\"itemListElement\":[{\"@type\":\"ListItem\",\"position\":1,\"name\":\"Home\",\"item\":\"https:\\\/\\\/complexelaprovidence.ca\\\/\"},{\"@type\":\"ListItem\",\"position\":2,\"name\":\"Salle de reception\"}]},{\"@type\":\"WebSite\",\"@id\":\"https:\\\/\\\/complexelaprovidence.ca\\\/#website\",\"url\":\"https:\\\/\\\/complexelaprovidence.ca\\\/\",\"name\":\"Complexe La Providence\",\"description\":\"Salles multifonctionnelles pour toutes occasions\",\"publisher\":{\"@id\":\"https:\\\/\\\/complexelaprovidence.ca\\\/#organization\"},\"potentialAction\":[{\"@type\":\"SearchAction\",\"target\":{\"@type\":\"EntryPoint\",\"urlTemplate\":\"https:\\\/\\\/complexelaprovidence.ca\\\/?s={search_term_string}\"},\"query-input\":{\"@type\":\"PropertyValueSpecification\",\"valueRequired\":true,\"valueName\":\"search_term_string\"}}],\"inLanguage\":\"en-US\"},{\"@type\":\"Organization\",\"@id\":\"https:\\\/\\\/complexelaprovidence.ca\\\/#organization\",\"name\":\"Complexe La Providence\",\"url\":\"https:\\\/\\\/complexelaprovidence.ca\\\/\",\"logo\":{\"@type\":\"ImageObject\",\"inLanguage\":\"en-US\",\"@id\":\"https:\\\/\\\/complexelaprovidence.ca\\\/#\\\/schema\\\/logo\\\/image\\\/\",\"url\":\"https:\\\/\\\/secureservercdn.net\\\/198.71.233.185\\\/21l.8c2.myftpupload.com\\\/wp-content\\\/uploads\\\/2019\\\/12\\\/laprovidence_II-2.png?time=1642898187\",\"contentUrl\":\"https:\\\/\\\/secureservercdn.net\\\/198.71.233.185\\\/21l.8c2.myftpupload.com\\\/wp-content\\\/uploads\\\/2019\\\/12\\\/laprovidence_II-2.png?time=1642898187\",\"width\":150,\"height\":166,\"caption\":\"Complexe La Providence\"},\"image\":{\"@id\":\"https:\\\/\\\/complexelaprovidence.ca\\\/#\\\/schema\\\/logo\\\/image\\\/\"},\"sameAs\":[\"https:\\\/\\\/www.facebook.com\\\/laprovidencecomplexe\"]}]}<\/script>\n<!-- \/ Yoast SEO plugin. -->","yoast_head_json":{"title":"Salle de reception - La Providence","description":"Le Complexe La Providence est un espace \u00e9v\u00e9nementiel hors-pair, \u00e0 vocation multiple, pouvant accueillir vos convives pour des rencontres autant formelles qu\u2019informelles. Nous vous promettons une exp\u00e9rience sans pareil et sans le moindre tracas.","robots":{"index":"index","follow":"follow","max-snippet":"max-snippet:-1","max-image-preview":"max-image-preview:large","max-video-preview":"max-video-preview:-1"},"canonical":"https:\/\/complexelaprovidence.ca\/en\/","og_locale":"en_US","og_type":"article","og_title":"Salle de reception - La Providence","og_description":"Le Complexe La Providence est un espace \u00e9v\u00e9nementiel hors-pair, \u00e0 vocation multiple, pouvant accueillir vos convives pour des rencontres autant formelles qu\u2019informelles. Nous vous promettons une exp\u00e9rience sans pareil et sans le moindre tracas.","og_url":"https:\/\/complexelaprovidence.ca\/en\/","og_site_name":"La Providence","article_publisher":"https:\/\/www.facebook.com\/laprovidencecomplexe","article_modified_time":"2024-11-26T10:08:54+00:00","twitter_card":"summary_large_image","twitter_misc":{"Est. reading time":"4 minutes"},"schema":{"@context":"https:\/\/schema.org","@graph":[{"@type":"WebPage","@id":"https:\/\/complexelaprovidence.ca\/","url":"https:\/\/complexelaprovidence.ca\/","name":"Salle de reception - La Providence","isPartOf":{"@id":"https:\/\/complexelaprovidence.ca\/#website"},"datePublished":"2018-02-13T10:51:51+00:00","dateModified":"2024-11-26T10:08:54+00:00","description":"Le Complexe La Providence est un espace \u00e9v\u00e9nementiel hors-pair, \u00e0 vocation multiple, pouvant accueillir vos convives pour des rencontres autant formelles qu\u2019informelles. Nous vous promettons une exp\u00e9rience sans pareil et sans le moindre tracas.","breadcrumb":{"@id":"https:\/\/complexelaprovidence.ca\/#breadcrumb"},"inLanguage":"en-US","potentialAction":[{"@type":"ReadAction","target":["https:\/\/complexelaprovidence.ca\/"]}]},{"@type":"BreadcrumbList","@id":"https:\/\/complexelaprovidence.ca\/#breadcrumb","itemListElement":[{"@type":"ListItem","position":1,"name":"Home","item":"https:\/\/complexelaprovidence.ca\/"},{"@type":"ListItem","position":2,"name":"Salle de reception"}]},{"@type":"WebSite","@id":"https:\/\/complexelaprovidence.ca\/#website","url":"https:\/\/complexelaprovidence.ca\/","name":"Complexe La Providence","description":"Salles multifonctionnelles pour toutes occasions","publisher":{"@id":"https:\/\/complexelaprovidence.ca\/#organization"},"potentialAction":[{"@type":"SearchAction","target":{"@type":"EntryPoint","urlTemplate":"https:\/\/complexelaprovidence.ca\/?s={search_term_string}"},"query-input":{"@type":"PropertyValueSpecification","valueRequired":true,"valueName":"search_term_string"}}],"inLanguage":"en-US"},{"@type":"Organization","@id":"https:\/\/complexelaprovidence.ca\/#organization","name":"Complexe La Providence","url":"https:\/\/complexelaprovidence.ca\/","logo":{"@type":"ImageObject","inLanguage":"en-US","@id":"https:\/\/complexelaprovidence.ca\/#\/schema\/logo\/image\/","url":"https:\/\/secureservercdn.net\/198.71.233.185\/21l.8c2.myftpupload.com\/wp-content\/uploads\/2019\/12\/laprovidence_II-2.png?time=1642898187","contentUrl":"https:\/\/secureservercdn.net\/198.71.233.185\/21l.8c2.myftpupload.com\/wp-content\/uploads\/2019\/12\/laprovidence_II-2.png?time=1642898187","width":150,"height":166,"caption":"Complexe La Providence"},"image":{"@id":"https:\/\/complexelaprovidence.ca\/#\/schema\/logo\/image\/"},"sameAs":["https:\/\/www.facebook.com\/laprovidencecomplexe"]}]}},"_links":{"self":[{"href":"https:\/\/complexelaprovidence.ca\/en\/wp-json\/wp\/v2\/pages\/365","targetHints":{"allow":["GET"]}}],"collection":[{"href":"https:\/\/complexelaprovidence.ca\/en\/wp-json\/wp\/v2\/pages"}],"about":[{"href":"https:\/\/complexelaprovidence.ca\/en\/wp-json\/wp\/v2\/types\/page"}],"author":[{"embeddable":true,"href":"https:\/\/complexelaprovidence.ca\/en\/wp-json\/wp\/v2\/users\/3"}],"replies":[{"embeddable":true,"href":"https:\/\/complexelaprovidence.ca\/en\/wp-json\/wp\/v2\/comments?post=365"}],"version-history":[{"count":6,"href":"https:\/\/complexelaprovidence.ca\/en\/wp-json\/wp\/v2\/pages\/365\/revisions"}],"predecessor-version":[{"id":1052,"href":"https:\/\/complexelaprovidence.ca\/en\/wp-json\/wp\/v2\/pages\/365\/revisions\/1052"}],"wp:attachment":[{"href":"https:\/\/complexelaprovidence.ca\/en\/wp-json\/wp\/v2\/media?parent=365"}],"curies":[{"name":"wp","href":"https:\/\/api.w.org\/{rel}","templated":true}]}}